{"id":104,"date":"2021-02-22T13:39:17","date_gmt":"2021-02-22T12:39:17","guid":{"rendered":"https:\/\/sjaakvandam.nl\/artiest\/?page_id=104"},"modified":"2025-06-26T22:29:17","modified_gmt":"2025-06-26T20:29:17","slug":"biografie-drums","status":"publish","type":"page","link":"https:\/\/sjaakvandam.nl\/artiest\/drummer\/biografie-drums\/","title":{"rendered":"Biografie Drums"},"content":{"rendered":"\n<p>Muziek is al van jongs af aan een groot onderdeel van mijn leven geweest. Op mijn vijfde&nbsp;begon ik met pianolessen, maar al snel maakte ik de overstap naar drums. De interesse in toetsen is altijd gebleven, maar de hoofdfocus ging naar drummen. Vele bands, projecten, optredens en tours volgden, en op mijn 22<sup>e<\/sup> studeerde ik cum laude af aan het conservatorium (hoofdvak drums, bijvak piano).<\/p>\n\n\n\n<h4 class=\"wp-block-heading\">Inspiratie<\/h4>\n\n\n\n<p>Het merendeel van mijn spelen heb ik auditief ontwikkeld. Ik heb ontzettend veel geleerd van het bestuderen van de stijl en sound van bepaalde spelers en bands. Dit begon met rockdrummers als <a href=\"https:\/\/en.wikipedia.org\/wiki\/Dave_Grohl\" target=\"_blank\" rel=\"noreferrer noopener\">Dave Grohl<\/a>, <a href=\"https:\/\/en.wikipedia.org\/wiki\/Jon_Theodore\" target=\"_blank\" rel=\"noreferrer noopener\">Jon Theodore<\/a> en <a href=\"https:\/\/en.wikipedia.org\/wiki\/John_Bonham\" target=\"_blank\" rel=\"noreferrer noopener\">John Bonham<\/a>.<br>Mijn interesse in jazz, funk, breakbeat en hiphop groeide ook steeds meer. <br><br>Zo hebben drummers als <a href=\"https:\/\/en.wikipedia.org\/wiki\/Ziggy_Modeliste\" target=\"_blank\" rel=\"noreferrer noopener\">Joseph Modeliste<\/a>, <a href=\"https:\/\/en.wikipedia.org\/wiki\/Mark_Guiliana\" target=\"_blank\" rel=\"noreferrer noopener\">Mark Guiliana<\/a>, <a href=\"https:\/\/en.wikipedia.org\/wiki\/David_King_(drummer)\" target=\"_blank\" rel=\"noreferrer noopener\">Dave King<\/a>, <a href=\"https:\/\/en.wikipedia.org\/wiki\/Jojo_Mayer\" target=\"_blank\" rel=\"noreferrer noopener\">Jojo Mayer<\/a> en <a href=\"https:\/\/en.wikipedia.org\/wiki\/Brian_Blade\" target=\"_blank\" rel=\"noreferrer noopener\">Brian Blade<\/a> een hoop gedaan voor mijn ontwikkeling, evenals producers als <a href=\"https:\/\/en.wikipedia.org\/wiki\/J_Dilla\" target=\"_blank\" rel=\"noreferrer noopener\">J Dilla<\/a>, <a href=\"https:\/\/en.wikipedia.org\/wiki\/Madlib\" target=\"_blank\" rel=\"noreferrer noopener\">Madlib<\/a> en <a href=\"https:\/\/nl.wikipedia.org\/wiki\/Q-Tip\" target=\"_blank\" rel=\"noreferrer noopener\">Q-Tip<\/a>. Ook mijn interesse in sessiewerk groeide, met daarbij als voorbeelden <a href=\"https:\/\/en.wikipedia.org\/wiki\/Ash_Soan\" target=\"_blank\" rel=\"noreferrer noopener\">Ash Soan<\/a>, <a href=\"https:\/\/en.wikipedia.org\/wiki\/Aaron_Sterling\" target=\"_blank\" rel=\"noreferrer noopener\">Aaron Sterling<\/a> en <a href=\"https:\/\/en.wikipedia.org\/wiki\/Vinnie_Colaiuta\" target=\"_blank\" rel=\"noreferrer noopener\">Vinnie Colaiuta<\/a>.<\/p>\n\n\n\n<h4 class=\"wp-block-heading\">Mijn werkzaamheden als drummer<\/h4>\n\n\n\n<p>Samenspelen zie ik als een essentieel element van mijn ontwikkeling als drummer. Ik heb door de jaren heen met diverse bands en projecten mogen touren binnen en buiten Europa, in landen als Duitsland, Zwitserland, Engeland, Spanje, Belgi\u00eb, Singapore, Albani\u00eb, Frankrijk, Tsjechi\u00eb, Wales. <br><br>Natuurlijk ook in Nederland, waar ik heb mogen optreden in zalen als <a href=\"https:\/\/www.tivolivredenburg.nl\/\" target=\"_blank\" rel=\"noreferrer noopener\">TivoliVredenburg<\/a>, <a href=\"https:\/\/www.paard.nl\/\" target=\"_blank\" rel=\"noreferrer noopener\">PAARD<\/a>, <a href=\"https:\/\/www.afaslive.nl\/\" target=\"_blank\" rel=\"noreferrer noopener\">AFAS Live<\/a> &amp; <a href=\"https:\/\/www.ahoy.nl\/\" target=\"_blank\" rel=\"noreferrer noopener\">Ahoy<\/a>.<\/p>\n\n\n\n<p>Deze shows en tours zijn met verschillende bands geweest, veelal in het eigen werk circuit. Genres hiervan lopen uiteen, van zachtere luistermuziek tot zwaardere rock, en zowel in het bandcircuit als binnen (muziek)theater. <br><br>Hierbij is naast drummen elektronica betrekken in mijn spel een steeds groter onderdeel geworden. Ik verdiep me veel in synthese en triggering, en ben door de jaren heen zeer vertrouwd geraakt met het gebruik van Ableton Live, zowel voor productie als bij live shows.<br><br>Een groot deel van mijn werk uit sessiewerk, zowel live als studio. Check <a href=\"https:\/\/sjaakvandam.nl\/artiest\/media\/\">hier<\/a> een overzicht van wat ik tot nu heb gedaan, of neem hier <a href=\"https:\/\/sjaakvandam.nl\/artiest\/contact\/\">contact<\/a> op als je een samenwerking aan wilt gaan.<\/p>\n\n\n\n<p>Ben je ge\u00efnteresseerd naar mijn verhaal op gebied van handpan? Kijk dan <a href=\"https:\/\/sjaakvandam.nl\/artiest\/handpanspeler\/biografie-handpan\/\" target=\"_blank\" rel=\"noreferrer noopener\">hier<\/a> voor meer info over mijn werk als handpanspeler, of <a href=\"https:\/\/sjaakvandam.nl\/handpan-leren-spelen\/biografie\/\" target=\"_blank\" rel=\"noreferrer noopener\">hier<\/a> voor mijn werk als handpandocent.<\/p>\n","protected":false},"excerpt":{"rendered":"<p>Muziek is al van jongs af aan een groot onderdeel van mijn leven geweest. Op mijn vijfde&nbsp;begon ik met pianolessen, maar al snel maakte ik de overstap naar drums. De interesse in toetsen is altijd gebleven, maar de hoofdfocus ging naar drummen. Vele bands, projecten, optredens en tours volgden, en op mijn 22e studeerde ik [&hellip;]<\/p>\n","protected":false},"author":2,"featured_media":3793,"parent":59,"menu_order":1,"comment_status":"closed","ping_status":"closed","template":"","meta":{"_acf_changed":false,"footnotes":""},"class_list":["post-104","page","type-page","status-publish","has-post-thumbnail","hentry"],"acf":[],"_links":{"self":[{"href":"https:\/\/sjaakvandam.nl\/artiest\/wp-json\/wp\/v2\/pages\/104","targetHints":{"allow":["GET"]}}],"collection":[{"href":"https:\/\/sjaakvandam.nl\/artiest\/wp-json\/wp\/v2\/pages"}],"about":[{"href":"https:\/\/sjaakvandam.nl\/artiest\/wp-json\/wp\/v2\/types\/page"}],"author":[{"embeddable":true,"href":"https:\/\/sjaakvandam.nl\/artiest\/wp-json\/wp\/v2\/users\/2"}],"replies":[{"embeddable":true,"href":"https:\/\/sjaakvandam.nl\/artiest\/wp-json\/wp\/v2\/comments?post=104"}],"version-history":[{"count":45,"href":"https:\/\/sjaakvandam.nl\/artiest\/wp-json\/wp\/v2\/pages\/104\/revisions"}],"predecessor-version":[{"id":4517,"href":"https:\/\/sjaakvandam.nl\/artiest\/wp-json\/wp\/v2\/pages\/104\/revisions\/4517"}],"up":[{"embeddable":true,"href":"https:\/\/sjaakvandam.nl\/artiest\/wp-json\/wp\/v2\/pages\/59"}],"wp:featuredmedia":[{"embeddable":true,"href":"https:\/\/sjaakvandam.nl\/artiest\/wp-json\/wp\/v2\/media\/3793"}],"wp:attachment":[{"href":"https:\/\/sjaakvandam.nl\/artiest\/wp-json\/wp\/v2\/media?parent=104"}],"curies":[{"name":"wp","href":"https:\/\/api.w.org\/{rel}","templated":true}]}}